{"id":72,"date":"2020-12-15T16:48:21","date_gmt":"2020-12-15T15:48:21","guid":{"rendered":"http:\/\/dumptool.pl\/?page_id=72"},"modified":"2021-01-18T12:57:05","modified_gmt":"2021-01-18T11:57:05","slug":"news","status":"publish","type":"page","link":"https:\/\/dumptool.pl\/","title":{"rendered":"NEWS"},"content":{"rendered":"\n<h2>Sklep DumpTOOL !<\/h2>\n\n\n\n<p id=\"block-c41daefc-c668-4e21-a4ae-6cd50ab41b12\"><br>Od dzisiaj uruchomili\u015bmy sklep z wsadami do kt\u00f3rego na bie\u017c\u0105co b\u0119dziemy dok\u0142ada\u0107 kolejne pliki. Dzi\u0119ki temu rozwi\u0105zaniu mo\u017cesz znale\u017a\u0107 odpowiedni plik z oprogramowaniem, doda\u0107 do koszyka i po automatycznej p\u0142atno\u015bci pobra\u0107 wsad z naszej bazy.<\/p>\n\n\n\n<p id=\"block-bb725c47-82dd-4091-bbf8-e552d5a0d4c1\">W razie problem\u00f3w z dzia\u0142aniem lub sugestii dotycz\u0105cych sklepu prosimy o kontakt.<\/p>\n\n\n\n<p id=\"block-edee9b80-8f2c-4fbd-b91a-895b804341b2\"><a href=\"https:\/\/dumptool.pl\/?post_type=product\">Przejd\u017a do strony sklepu !<\/a><\/p>\n\n\n\n<p id=\"block-ea8da74c-ba12-4d91-84d8-86552274a1d7\">Zapraszamy do korzystania ze sklepu DumpTOOL !<\/p>\n\n\n\n<hr class=\"wp-block-separator is-style-wide\"\/>\n\n\n\n<h2>Nowy DumpTOOL !<\/h2>\n\n\n\n<p id=\"block-9aaf71e0-bf24-4172-a351-5bca56a2202a\">Witamy niestety poprzednia wersja programu nie istnieje z przyczyny po\u017caru hali na kt\u00f3rej znajdowa\u0142 si\u0119 serwer.<br>Wszystkich u\u017cytkownik\u00f3w kt\u00f3rzy korzystali z programu oraz nowych prosimy o ponown\u0105 rejestracj\u0119.<\/p>\n\n\n\n<p>W razie pyta\u0144 jeste\u015bmy do dyspozycji !<br>Telefon: 531 531 622<br>email: arkadiusz.bartula@gmail.com<\/p>\n\n\n\n<h1>Archiwum<\/h1>\n\n\n<div class=\" wp-block-archives-list wp-block-archives\">Brak archiw\u00f3w do wy\u015bwietlenia.<\/div>","protected":false},"excerpt":{"rendered":"<p>Sklep DumpTOOL ! Od dzisiaj uruchomili\u015bmy sklep z wsadami do kt\u00f3rego na bie\u017c\u0105co b\u0119dziemy dok\u0142ada\u0107 kolejne pliki. Dzi\u0119ki temu rozwi\u0105zaniu mo\u017cesz znale\u017a\u0107 odpowiedni plik z oprogramowaniem, doda\u0107 do koszyka i po automatycznej p\u0142atno\u015bci pobra\u0107 wsad z naszej bazy. W razie problem\u00f3w z dzia\u0142aniem lub sugestii dotycz\u0105cych sklepu prosimy o kontakt. Przejd\u017a do strony sklepu ! Zapraszamy do korzystania ze sklepu DumpTOOL ! Nowy DumpTOOL ! Witamy niestety poprzednia wersja programu nie istnieje z przyczyny po\u017caru hali na kt\u00f3rej znajdowa\u0142 si\u0119 serwer.Wszystkich u\u017cytkownik\u00f3w kt\u00f3rzy korzystali z programu oraz nowych prosimy o ponown\u0105 rejestracj\u0119. W razie pyta\u0144 jeste\u015bmy do dyspozycji !Telefon: 531 531 622email: arkadiusz.bartula@gmail.com Archiwum<\/p>\n","protected":false},"author":9,"featured_media":0,"parent":0,"menu_order":0,"comment_status":"closed","ping_status":"closed","template":"","meta":{"spay_email":""},"_links":{"self":[{"href":"https:\/\/dumptool.pl\/index.php?rest_route=\/wp\/v2\/pages\/72"}],"collection":[{"href":"https:\/\/dumptool.pl\/index.php?rest_route=\/wp\/v2\/pages"}],"about":[{"href":"https:\/\/dumptool.pl\/index.php?rest_route=\/wp\/v2\/types\/page"}],"author":[{"embeddable":true,"href":"https:\/\/dumptool.pl\/index.php?rest_route=\/wp\/v2\/users\/9"}],"replies":[{"embeddable":true,"href":"https:\/\/dumptool.pl\/index.php?rest_route=%2Fwp%2Fv2%2Fcomments&post=72"}],"version-history":[{"count":24,"href":"https:\/\/dumptool.pl\/index.php?rest_route=\/wp\/v2\/pages\/72\/revisions"}],"predecessor-version":[{"id":309,"href":"https:\/\/dumptool.pl\/index.php?rest_route=\/wp\/v2\/pages\/72\/revisions\/309"}],"wp:attachment":[{"href":"https:\/\/dumptool.pl\/index.php?rest_route=%2Fwp%2Fv2%2Fmedia&parent=72"}],"curies":[{"name":"wp","href":"https:\/\/api.w.org\/{rel}","templated":true}]}}